{"id":562,"date":"2026-04-08T10:09:32","date_gmt":"2026-04-08T13:09:32","guid":{"rendered":"https:\/\/heasyart.com\/?page_id=562"},"modified":"2026-04-08T10:35:26","modified_gmt":"2026-04-08T13:35:26","slug":"alto-falante","status":"publish","type":"page","link":"https:\/\/heasyart.com\/?page_id=562","title":{"rendered":"Alto-falante"},"content":{"rendered":"\n<section class=\"hero-connector\">\n\n <video class=\"hero-video\" autoplay muted playsinline onended=\"this.pause();\">\n  <source src=\"\/wp-content\/uploads\/pagina-wf300-4600b.mp4\" type=\"video\/mp4\">\n<\/video>\n\n<\/section>\n\n\n\n<section class=\"hero-render\">\n\n<section class=\"idea-section\">\n  <div class=\"idea-container\">\n    \n   <h2>Detalhamento de Superf\u00edcie e Montagem<\/h2>\n\n<p>\n  Desenvolvido como um estudo pessoal, este trabalho tem como foco a constru\u00e7\u00e3o visual de materiais e o detalhamento\n  de superf\u00edcie aplicado a um produto t\u00e9cnico. A proposta foi explorar como textura, ilumina\u00e7\u00e3o e geometria influenciam\n  diretamente a percep\u00e7\u00e3o de qualidade e robustez do objeto.\n<\/p>\n\n<p>\n  Utilizando como base um modelo CAD fornecido pela \n  <a href=\"https:\/\/atkeletroacustica.com\/\" target=\"_blank\" rel=\"noopener noreferrer\">\n    ATK Speakers<\/a>, o trabalho se concentrou na defini\u00e7\u00e3o de materiais, refinamento das superf\u00edcies\n  e prepara\u00e7\u00e3o dos componentes para a anima\u00e7\u00e3o, garantindo uma leitura visual realista\n  e consistente em cada detalhe.\n<\/p>\n\n<p>\n  Nos materiais, o foco esteve na leitura t\u00e1til do produto, explorando superf\u00edcies como borracha, metal e pol\u00edmeros\n  com varia\u00e7\u00f5es sutis de roughness, reflex\u00e3o e microdetalhes. A ilumina\u00e7\u00e3o foi constru\u00edda para evidenciar essas\n  caracter\u00edsticas, destacando volumes e refor\u00e7ando a sensa\u00e7\u00e3o de profundidade.\n<\/p>\n\n<p>\n  A anima\u00e7\u00e3o de montagem complementa o estudo ao revelar a constru\u00e7\u00e3o interna do produto, trazendo uma abordagem mais\n  t\u00e9cnica e din\u00e2mica \u00e0 apresenta\u00e7\u00e3o. O resultado busca unir precis\u00e3o visual e narrativa, valorizando tanto os aspectos\n  funcionais quanto est\u00e9ticos do objeto.\n<\/p>\n","protected":false},"excerpt":{"rendered":"<p>Detalhamento de Superf\u00edcie e Montagem Desenvolvido como um estudo pessoal, este trabalho tem como foco a constru\u00e7\u00e3o visual de materiais e o detalhamento de superf\u00edcie aplicado a um produto t\u00e9cnico. A proposta foi explorar como textura, ilumina\u00e7\u00e3o e geometria influenciam diretamente a percep\u00e7\u00e3o de qualidade e robustez do objeto. Utilizando como base um modelo CAD [&hellip;]<\/p>\n","protected":false},"author":1,"featured_media":0,"parent":0,"menu_order":0,"comment_status":"closed","ping_status":"closed","template":"page-no-title","meta":{"footnotes":""},"class_list":["post-562","page","type-page","status-publish","hentry"],"_links":{"self":[{"href":"https:\/\/heasyart.com\/index.php?rest_route=\/wp\/v2\/pages\/562","targetHints":{"allow":["GET"]}}],"collection":[{"href":"https:\/\/heasyart.com\/index.php?rest_route=\/wp\/v2\/pages"}],"about":[{"href":"https:\/\/heasyart.com\/index.php?rest_route=\/wp\/v2\/types\/page"}],"author":[{"embeddable":true,"href":"https:\/\/heasyart.com\/index.php?rest_route=\/wp\/v2\/users\/1"}],"replies":[{"embeddable":true,"href":"https:\/\/heasyart.com\/index.php?rest_route=%2Fwp%2Fv2%2Fcomments&post=562"}],"version-history":[{"count":11,"href":"https:\/\/heasyart.com\/index.php?rest_route=\/wp\/v2\/pages\/562\/revisions"}],"predecessor-version":[{"id":573,"href":"https:\/\/heasyart.com\/index.php?rest_route=\/wp\/v2\/pages\/562\/revisions\/573"}],"wp:attachment":[{"href":"https:\/\/heasyart.com\/index.php?rest_route=%2Fwp%2Fv2%2Fmedia&parent=562"}],"curies":[{"name":"wp","href":"https:\/\/api.w.org\/{rel}","templated":true}]}}