{"id":537,"date":"2026-04-07T20:27:04","date_gmt":"2026-04-07T23:27:04","guid":{"rendered":"https:\/\/heasyart.com\/?page_id=537"},"modified":"2026-04-07T21:33:03","modified_gmt":"2026-04-08T00:33:03","slug":"dragon-balls","status":"publish","type":"page","link":"https:\/\/heasyart.com\/?page_id=537","title":{"rendered":"Dragon Balls"},"content":{"rendered":"\n<section class=\"hero-render\">\n  <img decoding=\"async\" src=\"\/wp-content\/uploads\/dragon-balls.png\" alt=\"Dragon Balls Render\">\n<\/section>\n\n<section class=\"idea-section\">\n  <div class=\"idea-container\">\n    \n    <h2>Homenagem a Akira Toriyama<\/h2>\n\n    <p>\n      Este render foi desenvolvido como uma homenagem a Akira Toriyama, um dos maiores nomes da hist\u00f3ria dos mang\u00e1s,\n      respons\u00e1vel por marcar gera\u00e7\u00f5es com sua est\u00e9tica \u00fanica e universo ic\u00f4nico.\n    <\/p>\n\n    <p>\n      A ideia surgiu no momento de sua partida, como uma forma de traduzir visualmente a ess\u00eancia de uma de suas\n      cria\u00e7\u00f5es mais reconhecidas. Busquei representar as esferas com uma abordagem mais minimalista e contempor\u00e2nea,\n      explorando materiais e ilumina\u00e7\u00e3o para criar uma leitura mais refinada.\n    <\/p>\n\n    <p>\n      Utilizei um material v\u00edtreo com est\u00e9tica monocrom\u00e1tica, valorizando reflexos, transpar\u00eancia e luz interna.\n      O resultado trouxe uma interpreta\u00e7\u00e3o mais elegante e limpa, mantendo a identidade original, mas com uma\n      linguagem visual mais alinhada ao meu estilo de trabalho.\n    <\/p>\n\n    <p>\n      Uma pequena homenagem a um universo que marcou gera\u00e7\u00f5es.\n    <\/p>\n\n  <\/div>\n<\/section>\n\n\n\n<p><\/p>\n","protected":false},"excerpt":{"rendered":"<p>Homenagem a Akira Toriyama Este render foi desenvolvido como uma homenagem a Akira Toriyama, um dos maiores nomes da hist\u00f3ria dos mang\u00e1s, respons\u00e1vel por marcar gera\u00e7\u00f5es com sua est\u00e9tica \u00fanica e universo ic\u00f4nico. A ideia surgiu no momento de sua partida, como uma forma de traduzir visualmente a ess\u00eancia de uma de suas cria\u00e7\u00f5es mais [&hellip;]<\/p>\n","protected":false},"author":1,"featured_media":0,"parent":0,"menu_order":0,"comment_status":"closed","ping_status":"closed","template":"page-no-title","meta":{"footnotes":""},"class_list":["post-537","page","type-page","status-publish","hentry"],"_links":{"self":[{"href":"https:\/\/heasyart.com\/index.php?rest_route=\/wp\/v2\/pages\/537","targetHints":{"allow":["GET"]}}],"collection":[{"href":"https:\/\/heasyart.com\/index.php?rest_route=\/wp\/v2\/pages"}],"about":[{"href":"https:\/\/heasyart.com\/index.php?rest_route=\/wp\/v2\/types\/page"}],"author":[{"embeddable":true,"href":"https:\/\/heasyart.com\/index.php?rest_route=\/wp\/v2\/users\/1"}],"replies":[{"embeddable":true,"href":"https:\/\/heasyart.com\/index.php?rest_route=%2Fwp%2Fv2%2Fcomments&post=537"}],"version-history":[{"count":4,"href":"https:\/\/heasyart.com\/index.php?rest_route=\/wp\/v2\/pages\/537\/revisions"}],"predecessor-version":[{"id":544,"href":"https:\/\/heasyart.com\/index.php?rest_route=\/wp\/v2\/pages\/537\/revisions\/544"}],"wp:attachment":[{"href":"https:\/\/heasyart.com\/index.php?rest_route=%2Fwp%2Fv2%2Fmedia&parent=537"}],"curies":[{"name":"wp","href":"https:\/\/api.w.org\/{rel}","templated":true}]}}